{"id":8,"date":"2022-12-03T08:05:12","date_gmt":"2022-12-03T07:05:12","guid":{"rendered":"https:\/\/leluxealafrancaise.fr\/?page_id=8"},"modified":"2023-11-09T12:18:02","modified_gmt":"2023-11-09T11:18:02","slug":"accueil","status":"publish","type":"page","link":"https:\/\/leluxealafrancaise.fr\/","title":{"rendered":""},"content":{"rendered":"\n<p class=\"has-text-align-center\"><strong>Puiser dans la cr\u00e9ativit\u00e9 et le savoir-faire de chacun pour imaginer et r\u00e9aliser des projets.<br>Associer nos talents et notre inventivit\u00e9 au service des demandes les plus exigeantes.<br>Valoriser notre esprit pluridisciplinaire et inter-g\u00e9n\u00e9rationnel.<br>Cr\u00e9er des pi\u00e8ces uniques et exceptionnelles \u00e0 plusieurs c\u0153urs et \u00e0 plusieurs mains.<\/strong><\/p>\n","protected":false},"excerpt":{"rendered":"<p>Puiser dans la cr\u00e9ativit\u00e9 et le savoir-faire de chacun pour imaginer et r\u00e9aliser des projets.Associer nos talents et notre inventivit\u00e9 au service des demandes les plus exigeantes.Valoriser notre esprit pluridisciplinaire et inter-g\u00e9n\u00e9rationnel.Cr\u00e9er des pi\u00e8ces uniques et exceptionnelles \u00e0 plusieurs c\u0153urs et \u00e0 plusieurs mains.<\/p>\n","protected":false},"author":1,"featured_media":0,"parent":0,"menu_order":0,"comment_status":"closed","ping_status":"closed","template":"","meta":{"footnotes":""},"class_list":["post-8","page","type-page","status-publish","hentry"],"_links":{"self":[{"href":"https:\/\/leluxealafrancaise.fr\/index.php\/wp-json\/wp\/v2\/pages\/8","targetHints":{"allow":["GET"]}}],"collection":[{"href":"https:\/\/leluxealafrancaise.fr\/index.php\/wp-json\/wp\/v2\/pages"}],"about":[{"href":"https:\/\/leluxealafrancaise.fr\/index.php\/wp-json\/wp\/v2\/types\/page"}],"author":[{"embeddable":true,"href":"https:\/\/leluxealafrancaise.fr\/index.php\/wp-json\/wp\/v2\/users\/1"}],"replies":[{"embeddable":true,"href":"https:\/\/leluxealafrancaise.fr\/index.php\/wp-json\/wp\/v2\/comments?post=8"}],"version-history":[{"count":3,"href":"https:\/\/leluxealafrancaise.fr\/index.php\/wp-json\/wp\/v2\/pages\/8\/revisions"}],"predecessor-version":[{"id":38,"href":"https:\/\/leluxealafrancaise.fr\/index.php\/wp-json\/wp\/v2\/pages\/8\/revisions\/38"}],"wp:attachment":[{"href":"https:\/\/leluxealafrancaise.fr\/index.php\/wp-json\/wp\/v2\/media?parent=8"}],"curies":[{"name":"wp","href":"https:\/\/api.w.org\/{rel}","templated":true}]}}